{"id":5824,"date":"2023-12-07T15:44:55","date_gmt":"2023-12-07T14:44:55","guid":{"rendered":"https:\/\/www.welcomesaxony.de\/imprint\/"},"modified":"2024-11-09T20:19:23","modified_gmt":"2024-11-09T19:19:23","slug":"imprint","status":"publish","type":"page","link":"https:\/\/www.welcomesaxony.de\/en\/imprint\/","title":{"rendered":"Imprint"},"content":{"rendered":"<div class=\"gb-container gb-container-d47e8be3\">\n<div class=\"gb-container gb-container-1cc6c9ee\">\n\n<h3 class=\"gb-headline gb-headline-1fe1b2e7 gb-headline-text\">Imprint<\/h3>\n\n\n\n<h3 class=\"wp-block-heading has-accent-color has-text-color has-link-color wp-elements-87fa5fe49b51fe1a3de52ab4221ee870\"><strong>Information according to \u00a7 5 DDG<\/strong><\/h3>\n\n\n\n<p><br\/><strong>Wirtschaft f\u00fcr ein Weltoffenes Sachsen e. V.<\/strong><br\/>K\u00f6nigstra\u00dfe 4<br\/>01097 Dresden<\/p>\n\n\n\n<p><strong>Represented by: <\/strong><br\/>Robert Czajkowski<br\/><br\/><strong>Contact:<\/strong><br\/>Tel: +49 351 89 69 87-50<br\/>E-Mail: info@welcomesaxony.de<\/p>\n\n\n\n<p><strong>Register entry:<\/strong><br\/>Entry in the register of associations<br\/>Register court: Dresden Local Court<br\/>Register number: 9814<\/p>\n\n\n\n<p><strong>Responsible for the content according to \u00a7 55 Abs. 2 RStV:   <\/strong><br\/>Sylvia Pfefferkorn<br\/>Wirtschaft f\u00fcr ein Weltoffenes Sachsen e. V.<br\/>K\u00f6nigstra\u00dfe 4, 01097 Dresden<\/p>\n\n<\/div>\n<\/div>","protected":false},"excerpt":{"rendered":"<p>Imprint Information according to \u00a7 5 DDG Wirtschaft f\u00fcr ein Weltoffenes Sachsen e. V.K\u00f6nigstra\u00dfe 401097 Dresden Represented by: Robert Czajkowski Contact:Tel: +49 351 89 69 87-50E-Mail: info@welcomesaxony.de Register entry:Entry in &#8230; <a title=\"Imprint\" class=\"read-more\" href=\"https:\/\/www.welcomesaxony.de\/en\/imprint\/\" aria-label=\"More on Imprint\">Weiterlesen<\/a><\/p>\n","protected":false},"author":1,"featured_media":0,"parent":0,"menu_order":0,"comment_status":"closed","ping_status":"closed","template":"","meta":{"_acf_changed":false,"footnotes":""},"class_list":{"0":"post-5824","1":"page","2":"type-page","3":"status-publish","5":"no-fixed-startdate"},"acf":[],"yoast_head":"<!-- This site is optimized with the Yoast SEO plugin v26.8 - https:\/\/yoast.com\/product\/yoast-seo-wordpress\/ -->\n<title>Imprint - Welcome Saxony<\/title>\n<meta name=\"robots\" content=\"index, follow, max-snippet:-1, max-image-preview:large, max-video-preview:-1\" \/>\n<link rel=\"canonical\" href=\"https:\/\/www.welcomesaxony.de\/en\/imprint\/\" \/>\n<meta property=\"og:locale\" content=\"en_US\" \/>\n<meta property=\"og:type\" content=\"article\" \/>\n<meta property=\"og:title\" content=\"Imprint - Welcome Saxony\" \/>\n<meta property=\"og:description\" content=\"Imprint Information according to \u00a7 5 DDG Wirtschaft f\u00fcr ein Weltoffenes Sachsen e. V.K\u00f6nigstra\u00dfe 401097 Dresden Represented by: Robert Czajkowski Contact:Tel: +49 351 89 69 87-50E-Mail: info@welcomesaxony.de Register entry:Entry in ... Weiterlesen\" \/>\n<meta property=\"og:url\" content=\"https:\/\/www.welcomesaxony.de\/en\/imprint\/\" \/>\n<meta property=\"og:site_name\" content=\"Welcome Saxony\" \/>\n<meta property=\"article:modified_time\" content=\"2024-11-09T19:19:23+00:00\" \/>\n<meta name=\"twitter:card\" content=\"summary_large_image\" \/>\n<script type=\"application\/ld+json\" class=\"yoast-schema-graph\">{\"@context\":\"https:\/\/schema.org\",\"@graph\":[{\"@type\":\"WebPage\",\"@id\":\"https:\/\/www.welcomesaxony.de\/en\/imprint\/\",\"url\":\"https:\/\/www.welcomesaxony.de\/en\/imprint\/\",\"name\":\"Imprint - Welcome Saxony\",\"isPartOf\":{\"@id\":\"https:\/\/www.welcomesaxony.de\/en\/#website\"},\"datePublished\":\"2023-12-07T14:44:55+00:00\",\"dateModified\":\"2024-11-09T19:19:23+00:00\",\"breadcrumb\":{\"@id\":\"https:\/\/www.welcomesaxony.de\/en\/imprint\/#breadcrumb\"},\"inLanguage\":\"en-US\",\"potentialAction\":[{\"@type\":\"ReadAction\",\"target\":[\"https:\/\/www.welcomesaxony.de\/en\/imprint\/\"]}]},{\"@type\":\"BreadcrumbList\",\"@id\":\"https:\/\/www.welcomesaxony.de\/en\/imprint\/#breadcrumb\",\"itemListElement\":[{\"@type\":\"ListItem\",\"position\":1,\"name\":\"Startseite\",\"item\":\"https:\/\/www.welcomesaxony.de\/en\/\"},{\"@type\":\"ListItem\",\"position\":2,\"name\":\"Imprint\"}]},{\"@type\":\"WebSite\",\"@id\":\"https:\/\/www.welcomesaxony.de\/en\/#website\",\"url\":\"https:\/\/www.welcomesaxony.de\/en\/\",\"name\":\"Welcome Saxony\",\"description\":\"\",\"publisher\":{\"@id\":\"https:\/\/www.welcomesaxony.de\/en\/#organization\"},\"potentialAction\":[{\"@type\":\"SearchAction\",\"target\":{\"@type\":\"EntryPoint\",\"urlTemplate\":\"https:\/\/www.welcomesaxony.de\/en\/?s={search_term_string}\"},\"query-input\":{\"@type\":\"PropertyValueSpecification\",\"valueRequired\":true,\"valueName\":\"search_term_string\"}}],\"inLanguage\":\"en-US\"},{\"@type\":\"Organization\",\"@id\":\"https:\/\/www.welcomesaxony.de\/en\/#organization\",\"name\":\"Welcome Saxony\",\"url\":\"https:\/\/www.welcomesaxony.de\/en\/\",\"logo\":{\"@type\":\"ImageObject\",\"inLanguage\":\"en-US\",\"@id\":\"https:\/\/www.welcomesaxony.de\/en\/#\/schema\/logo\/image\/\",\"url\":\"https:\/\/www.welcomesaxony.de\/wp-content\/uploads\/2025\/11\/logo_welcome_farboptimiert-416.png\",\"contentUrl\":\"https:\/\/www.welcomesaxony.de\/wp-content\/uploads\/2025\/11\/logo_welcome_farboptimiert-416.png\",\"width\":416,\"height\":92,\"caption\":\"Welcome Saxony\"},\"image\":{\"@id\":\"https:\/\/www.welcomesaxony.de\/en\/#\/schema\/logo\/image\/\"}}]}<\/script>\n<!-- \/ Yoast SEO plugin. -->","yoast_head_json":{"title":"Imprint - Welcome Saxony","robots":{"index":"index","follow":"follow","max-snippet":"max-snippet:-1","max-image-preview":"max-image-preview:large","max-video-preview":"max-video-preview:-1"},"canonical":"https:\/\/www.welcomesaxony.de\/en\/imprint\/","og_locale":"en_US","og_type":"article","og_title":"Imprint - Welcome Saxony","og_description":"Imprint Information according to \u00a7 5 DDG Wirtschaft f\u00fcr ein Weltoffenes Sachsen e. V.K\u00f6nigstra\u00dfe 401097 Dresden Represented by: Robert Czajkowski Contact:Tel: +49 351 89 69 87-50E-Mail: info@welcomesaxony.de Register entry:Entry in ... Weiterlesen","og_url":"https:\/\/www.welcomesaxony.de\/en\/imprint\/","og_site_name":"Welcome Saxony","article_modified_time":"2024-11-09T19:19:23+00:00","twitter_card":"summary_large_image","schema":{"@context":"https:\/\/schema.org","@graph":[{"@type":"WebPage","@id":"https:\/\/www.welcomesaxony.de\/en\/imprint\/","url":"https:\/\/www.welcomesaxony.de\/en\/imprint\/","name":"Imprint - Welcome Saxony","isPartOf":{"@id":"https:\/\/www.welcomesaxony.de\/en\/#website"},"datePublished":"2023-12-07T14:44:55+00:00","dateModified":"2024-11-09T19:19:23+00:00","breadcrumb":{"@id":"https:\/\/www.welcomesaxony.de\/en\/imprint\/#breadcrumb"},"inLanguage":"en-US","potentialAction":[{"@type":"ReadAction","target":["https:\/\/www.welcomesaxony.de\/en\/imprint\/"]}]},{"@type":"BreadcrumbList","@id":"https:\/\/www.welcomesaxony.de\/en\/imprint\/#breadcrumb","itemListElement":[{"@type":"ListItem","position":1,"name":"Startseite","item":"https:\/\/www.welcomesaxony.de\/en\/"},{"@type":"ListItem","position":2,"name":"Imprint"}]},{"@type":"WebSite","@id":"https:\/\/www.welcomesaxony.de\/en\/#website","url":"https:\/\/www.welcomesaxony.de\/en\/","name":"Welcome Saxony","description":"","publisher":{"@id":"https:\/\/www.welcomesaxony.de\/en\/#organization"},"potentialAction":[{"@type":"SearchAction","target":{"@type":"EntryPoint","urlTemplate":"https:\/\/www.welcomesaxony.de\/en\/?s={search_term_string}"},"query-input":{"@type":"PropertyValueSpecification","valueRequired":true,"valueName":"search_term_string"}}],"inLanguage":"en-US"},{"@type":"Organization","@id":"https:\/\/www.welcomesaxony.de\/en\/#organization","name":"Welcome Saxony","url":"https:\/\/www.welcomesaxony.de\/en\/","logo":{"@type":"ImageObject","inLanguage":"en-US","@id":"https:\/\/www.welcomesaxony.de\/en\/#\/schema\/logo\/image\/","url":"https:\/\/www.welcomesaxony.de\/wp-content\/uploads\/2025\/11\/logo_welcome_farboptimiert-416.png","contentUrl":"https:\/\/www.welcomesaxony.de\/wp-content\/uploads\/2025\/11\/logo_welcome_farboptimiert-416.png","width":416,"height":92,"caption":"Welcome Saxony"},"image":{"@id":"https:\/\/www.welcomesaxony.de\/en\/#\/schema\/logo\/image\/"}}]}},"_links":{"self":[{"href":"https:\/\/www.welcomesaxony.de\/en\/wp-json\/wp\/v2\/pages\/5824","targetHints":{"allow":["GET"]}}],"collection":[{"href":"https:\/\/www.welcomesaxony.de\/en\/wp-json\/wp\/v2\/pages"}],"about":[{"href":"https:\/\/www.welcomesaxony.de\/en\/wp-json\/wp\/v2\/types\/page"}],"author":[{"embeddable":true,"href":"https:\/\/www.welcomesaxony.de\/en\/wp-json\/wp\/v2\/users\/1"}],"replies":[{"embeddable":true,"href":"https:\/\/www.welcomesaxony.de\/en\/wp-json\/wp\/v2\/comments?post=5824"}],"version-history":[{"count":1,"href":"https:\/\/www.welcomesaxony.de\/en\/wp-json\/wp\/v2\/pages\/5824\/revisions"}],"predecessor-version":[{"id":5827,"href":"https:\/\/www.welcomesaxony.de\/en\/wp-json\/wp\/v2\/pages\/5824\/revisions\/5827"}],"wp:attachment":[{"href":"https:\/\/www.welcomesaxony.de\/en\/wp-json\/wp\/v2\/media?parent=5824"}],"curies":[{"name":"wp","href":"https:\/\/api.w.org\/{rel}","templated":true}]}}