{"id":4681,"date":"2023-11-09T19:04:52","date_gmt":"2023-11-09T18:04:52","guid":{"rendered":"https:\/\/www.welcomesaxony.de\/career\/"},"modified":"2025-09-03T11:11:47","modified_gmt":"2025-09-03T09:11:47","slug":"career","status":"publish","type":"page","link":"https:\/\/www.welcomesaxony.de\/en\/career\/","title":{"rendered":"Career"},"content":{"rendered":"<div class=\"gb-container gb-container-075d5a50\">\n<div class=\"gb-container gb-container-00bc8f8e\">\n<div class=\"gb-container gb-container-f74f36cb\">\n<div class=\"gb-container gb-container-2d3014a3\">\n<div class=\"gb-grid-wrapper gb-grid-wrapper-aca22f5e\">\n<div class=\"gb-grid-column gb-grid-column-b78920a5\"><div class=\"gb-container gb-container-b78920a5\">\n<div class=\"gb-container gb-container-006b9c58\">\n\n<h2 class=\"gb-headline gb-headline-0c3ce626 gb-headline-text\">We bring<br>companies together with <br>politicians and experts<\/h2>\n\n<\/div>\n<\/div><\/div>\n<\/div>\n<\/div>\n<\/div>\n<\/div>\n<\/div><div class=\"gb-container gb-container-7c487453\">\n<div class=\"gb-container gb-container-bb5148e7\">\n<span><span><a href=\"https:\/\/www.welcomesaxony.de\/en\/\">Startseite<\/a><\/span><\/span>\n\n\n\n<h2 class=\"gb-headline gb-headline-590b0fee gb-headline-text\">This is us<\/h2>\n\n\n<div class=\"gb-grid-wrapper gb-grid-wrapper-443749ea\">\n<div class=\"gb-grid-column gb-grid-column-f332644d\"><div class=\"gb-container gb-container-f332644d\">\n\n<p>Wirtschaft f\u00fcr ein Weltoffenes Sachsen e. V. is a business association with clear political positions that has been active throughout Saxony since 2016. We advise companies on the immigration of skilled workers. We design and support various formats of democratic education. We sensitize the public, political decision-makers and companies to open-mindedness and respectful cooperation between all people. As a business association, we work with companies, organizations, politicians and the media in a politically neutral manner and promote social cohesion.<\/p>\n\n<\/div><\/div>\n\n<div class=\"gb-grid-column gb-grid-column-532d49ce\"><div class=\"gb-container gb-container-532d49ce\">\n\n<p>Democracy concerns us all. It is therefore our aim to train managers and employees to recognize and actively counteract discrimination, racism and anti-democratic behaviour in the workplace, as well as to establish and live values and use them for employer branding. The content of our training formats is practice-oriented, adapted to the individual needs of the company and offers sufficient space for discussion and exchange of experience.<\/p>\n\n<\/div><\/div>\n<\/div>\n<\/div>\n<\/div><div class=\"gb-container gb-container-aba78719\">\n<div class=\"gb-container gb-container-6b2a6361\">\n<div class=\"gb-container gb-container-4787e12d\">\n\n<h2 class=\"gb-headline gb-headline-0107e006 gb-headline-text\">Vacancies<\/h2>\n\n\n\n<div class=\"gb-grid-wrapper gb-grid-wrapper-5ffa4f25 gb-query-loop-wrapper\">\n<div class=\"gb-grid-column gb-grid-column-6fe87408 gb-query-loop-item post-3510 stellenanzeigen type-stellenanzeigen status-publish hentry no-fixed-startdate\"><div class=\"gb-container gb-container-6fe87408\">\n<div class=\"gb-container gb-container-771edc6e\">\n<div class=\"gb-container gb-container-38ab4317\">\n<div class=\"gb-container gb-container-767623e1\">\n\n<h6 class=\"gb-headline gb-headline-15f9e2da gb-headline-text\">We are looking for&#8230;<\/h6>\n\n<\/div>\n<\/div>\n\n<div class=\"gb-container gb-container-a8a3b5ea\">\n<div class=\"gb-headline gb-headline-fb9b2dbf gb-headline-text\">Trainer:in im Themenfeld Demokratie und gesellschaftliche Teilhabe<\/div>\n\n<div class=\"gb-container gb-container-2af60728\">\n\n<h3 class=\"gb-headline gb-headline-d7e68e84 gb-headline-text\">Your tasks:<\/h3>\n\n\n<div class=\"gb-headline gb-headline-1652e7cf gb-headline-text\"><p>Analyse der Bedarfe der Zielgruppe, Konzipierung und Durchf\u00fchrung von Sensibilisierungs- und Empowerment-Workshops, Skill-Sessions und Trainings im Auftrag des Vereins und in enger Absprache mit den beteiligten Unternehmen und Organisationen<\/p>\n<\/div>\n<\/div>\n\n<div class=\"gb-container gb-container-43042baa\">\n\n<h3 class=\"gb-headline gb-headline-ff12d553 gb-headline-text\">Requirements:<\/h3>\n\n\n<div class=\"gb-headline gb-headline-fba23ea1 gb-headline-text\"><p>1. Fachliche und methodische Kompetenz<br \/>\nErfahrung in der Gestaltung und Moderation von Workshops mit Gruppen ab f\u00fcnf Teilnehmenden<br \/>\nBerufspraxis als Trainer:in, Moderator:in oder in vergleichbarer Rolle<br \/>\nMethodenkompetenz in der Workshopgestaltung und Visualisierung \u2013 zielgruppengerecht und interaktiv<br \/>\nKenntnisse und\/oder Erfahrungen in der demokratischen Bildungsarbeit<br \/>\nProbleml\u00f6sungskompetenz<\/p>\n<p>2. Soziale und personale Kompetenzen<br \/>\nOffenheit, Neugier und Sensibilit\u00e4t f\u00fcr verschiedene Lebensrealit\u00e4ten<br \/>\nF\u00e4higkeit, wertsch\u00e4tzend mit vielf\u00e4ltigen Menschen und Gruppen zu arbeiten<br \/>\nInterkulturelle Kompetenz und diskriminierungssensible Haltung<br \/>\nSelbstst\u00e4ndige und verantwortungsvolle Arbeitsweise<br \/>\nFlexibilit\u00e4t und die Bereitschaft, dich auf unterschiedliche Themen, Menschen und Kontexte einzustellen<br \/>\nBereitschaft, Wissen und Erfahrungen kollegial zu teilen<br \/>\nZuverl\u00e4ssigkeit und serviceorientiertes Denken<\/p>\n<p>3. Kommunikations- und Konfliktf\u00e4higkeit<br \/>\nSicheres Auftreten, ausgepr\u00e4gte Kommunikationsf\u00e4higkeit und konstruktiver Umgang mit Konflikten<\/p>\n<p>4. Motivation und Haltung<br \/>\nIdentifikation mit den Zielen und Werten des Vereins<\/p>\n<p>5. Rahmenbedingungen &#038; Mobilit\u00e4t<br \/>\nBereitschaft zu Reiset\u00e4tigkeiten innerhalb Sachsens, vereinzelt auch bundesweit<br \/>\nF\u00fchrerschein Klasse B und eigener PKW (w\u00fcnschenswert, aber nicht zwingend erforderlich)<\/p>\n<p>Vielfalt ist f\u00fcr uns ein Gewinn. Wir ermutigen ausdr\u00fccklich Menschen jeden Geschlechts, Alters, jeder Herkunft, Religion, sexuellen Orientierung und Lebensform zur Bewerbung.<\/p>\n<p>Auch wenn Sie nicht alle genannten Anforderungen erf\u00fcllen, lassen Sie sich nicht entmutigen \u2013 wir freuen uns trotzdem auf Ihre Bewerbung!<\/p>\n<\/div>\n<\/div>\n\n<div class=\"gb-container gb-container-7f07ed48\">\n\n<h3 class=\"gb-headline gb-headline-69a4e121 gb-headline-text\">Benefits:<\/h3>\n\n\n<div class=\"gb-headline gb-headline-8c6522c5 gb-headline-text\">Abwechslungsreiche, sinnstiftende und verantwortungsvolle T\u00e4tigkeit (freiberuflich)\r\n\r\nGestaltungsspielraum f\u00fcr eigene Ideen, Ans\u00e4tze und Formate\r\n\r\nZusammenarbeit in einem offenen, engagierten und motivierten Team\r\n\r\nWertsch\u00e4tzende, unterst\u00fctzende Arbeitsatmosph\u00e4re mit gelebter Vielfalt\r\n<\/div>\n<\/div>\n\n<div class=\"gb-container gb-container-bd9c3edd\">\n\n<h3 class=\"gb-headline gb-headline-fe26cabe gb-headline-text\">Contact:<\/h3>\n\n\n<div class=\"gb-headline gb-headline-ed089880 gb-headline-text\">Bitte sende deine Bewerbungsunterlagen an: info@welcomesaxony.de<\/div>\n<\/div>\n<\/div>\n<\/div>\n<\/div><\/div>\n\n<div class=\"gb-grid-column gb-grid-column-6fe87408 gb-query-loop-item post-3878 stellenanzeigen type-stellenanzeigen status-publish hentry no-fixed-startdate\"><div class=\"gb-container gb-container-6fe87408\">\n<div class=\"gb-container gb-container-771edc6e\">\n<div class=\"gb-container gb-container-38ab4317\">\n<div class=\"gb-container gb-container-767623e1\">\n\n<h6 class=\"gb-headline gb-headline-15f9e2da gb-headline-text\">We are looking for&#8230;<\/h6>\n\n<\/div>\n<\/div>\n\n<div class=\"gb-container gb-container-a8a3b5ea\">\n<div class=\"gb-headline gb-headline-fb9b2dbf gb-headline-text\">Initiativbewerbung<\/div>\n\n<div class=\"gb-container gb-container-2af60728\">\n\n<h3 class=\"gb-headline gb-headline-d7e68e84 gb-headline-text\">Your tasks:<\/h3>\n\n\n<div class=\"gb-headline gb-headline-1652e7cf gb-headline-text\"><p>Sie m\u00f6chten sich mit Ihren Kompetenzen, Perspektiven und Ideen f\u00fcr eine offene, demokratische und vielf\u00e4ltige Gesellschaft engagieren?<\/p>\n<p>Dann freuen wir uns auf Ihre Initiativbewerbung \u2013 unabh\u00e4ngig davon, in welchem Bereich Sie sich einbringen m\u00f6chten!<\/p>\n<\/div>\n<\/div>\n\n<div class=\"gb-container gb-container-43042baa\">\n\n<h3 class=\"gb-headline gb-headline-ff12d553 gb-headline-text\">Requirements:<\/h3>\n\n\n<div class=\"gb-headline gb-headline-fba23ea1 gb-headline-text\"><p>Was Sie fachlich mitbringen sollten<br \/>\n\t\u2022\tErfahrung im Teilen und Vermitteln von Wissen<br \/>\n\t\u2022\tKompetenzen in der Probleml\u00f6sung und im Umgang mit herausfordernden Situationen<br \/>\n\t\u2022\tSehr gute Kommunikationsf\u00e4higkeit und sicheres Auftreten<br \/>\n\t\u2022\tBereitschaft zu Reiset\u00e4tigkeiten innerhalb Sachsens, vereinzelt auch bundesweit<br \/>\n\t\u2022\tF\u00fchrerschein Klasse B und eigener PKW (w\u00fcnschenswert, aber kein Muss)<\/p>\n<p>Was uns in der Zusammenarbeit wichtig ist<br \/>\n\t\u2022\tSelbstst\u00e4ndige und verantwortungsbewusste Arbeitsweise<br \/>\n\t\u2022\tAusgepr\u00e4gte Kunden- und Serviceorientierung sowie hohe Zuverl\u00e4ssigkeit<br \/>\n\t\u2022\tFlexibilit\u00e4t im Umgang mit wechselnden Themen und Anfragen<br \/>\n\t\u2022\tOffenheit f\u00fcr neue Perspektiven und Anliegen<br \/>\n\t\u2022\tInterkulturelle Kompetenz und eine diskriminierungssensible Haltung<br \/>\n\t\u2022\tWertsch\u00e4tzender Umgang mit vielf\u00e4ltigen Zielgruppen<br \/>\n\t\u2022\tIdentifikation mit den Zielen und Werten unseres Vereins<\/p>\n<p>Vielfalt ist f\u00fcr uns ein Gewinn. Wir ermutigen ausdr\u00fccklich Menschen jeden Geschlechts, Alters, jeder Herkunft, Religion, sexuellen Orientierung und Lebensform zur Bewerbung.<\/p>\n<p>Auch wenn Sie nicht alle genannten Anforderungen erf\u00fcllen, lassen Sie sich nicht entmutigen \u2013 wir freuen uns trotzdem auf Ihre Bewerbung!<\/p>\n<\/div>\n<\/div>\n\n<div class=\"gb-container gb-container-7f07ed48\">\n\n<h3 class=\"gb-headline gb-headline-69a4e121 gb-headline-text\">Benefits:<\/h3>\n\n\n<div class=\"gb-headline gb-headline-8c6522c5 gb-headline-text\">Was wir Ihnen bieten\r\nEine sinnstiftende, vielseitige und verantwortungsvolle T\u00e4tigkeit auf freiberuflicher Basis, Gestaltungsspielr\u00e4ume f\u00fcr eigene Ideen, Formate und Ans\u00e4tze, Zusammenarbeit mit einem motivierten, engagierten und kreativen Team\r\n<\/div>\n<\/div>\n\n<div class=\"gb-container gb-container-bd9c3edd\">\n\n<h3 class=\"gb-headline gb-headline-fe26cabe gb-headline-text\">Contact:<\/h3>\n\n\n<div class=\"gb-headline gb-headline-ed089880 gb-headline-text\">Bitte sende deine Bewerbungsunterlagen an: info@welcomesaxony.de<\/div>\n<\/div>\n<\/div>\n<\/div>\n<\/div><\/div>\n\n<div class=\"gb-grid-column gb-grid-column-6fe87408 gb-query-loop-item post-5739 stellenanzeigen type-stellenanzeigen status-publish hentry no-fixed-startdate\"><div class=\"gb-container gb-container-6fe87408\">\n<div class=\"gb-container gb-container-771edc6e\">\n<div class=\"gb-container gb-container-38ab4317\">\n<div class=\"gb-container gb-container-767623e1\">\n\n<h6 class=\"gb-headline gb-headline-15f9e2da gb-headline-text\">We are looking for&#8230;<\/h6>\n\n<\/div>\n<\/div>\n\n<div class=\"gb-container gb-container-a8a3b5ea\">\n<div class=\"gb-headline gb-headline-fb9b2dbf gb-headline-text\">Werkstudent:in (m\/w\/div) f\u00fcr Politische Kommunikation, Eventplanung, Demokratische Bildung und Social Media bei Wirtschaft f\u00fcr Weltoffenes Sachsen<\/div>\n\n<div class=\"gb-container gb-container-2af60728\">\n\n<h3 class=\"gb-headline gb-headline-d7e68e84 gb-headline-text\">Your tasks:<\/h3>\n\n\n<div class=\"gb-headline gb-headline-1652e7cf gb-headline-text\"><p>Als Werkstudent:in tr\u00e4gst du aktiv dazu bei, Sachsen weltoffener zu gestalten. In einem dynamischen Arbeitsumfeld kannst du deine St\u00e4rken und Interessen einbringen und an Projekten mitarbeiten, die echten gesellschaftlichen Wandel bewirken. <\/p>\n<p>\u2022 Unterst\u00fctzung im Tagesgesch\u00e4ft, bei administrativen Aufgaben und in der Betreuung von Team und Mitgliedsunternehmen<br \/>\n\u2022 Eventplanung \u2013 Mitorganisation von Veranstaltungen, Workshops und Netzwerktreffen zur F\u00f6rderung von Weltoffenheit und Toleranz<br \/>\n\u2022 Politische Kommunikation \u2013 Mitarbeit an der \u00d6ffentlichkeitsarbeit und am Dialog mit politischen Entscheidungstr\u00e4gern<br \/>\n\u2022 Rechercheaufgaben \u2013 Durchf\u00fchrung verschiedener Recherchet\u00e4tigkeiten, darunter die Identifikation und Analyse von F\u00f6rdermitteln sowie weitere themenspezifische Recherchen zur Unterst\u00fctzung der Projektarbeit<br \/>\n\u2022 Social Media \u2013 Unterst\u00fctzung bei der Planung und Erstellung von Inhalten f\u00fcr LinkedIn und Instagram <\/p>\n<p>Zus\u00e4tzliche Einblicke &#038; Entwicklungsm\u00f6glichkeiten <\/p>\n<p>\u2022 Mitarbeit an der Weiterentwicklung von Netzwerken und Bildungsformaten<br \/>\n\u2022 Eigenverantwortliche Aufgaben\u00fcbernahme in enger Abstimmung mit der Gesch\u00e4ftsf\u00fchrung<br \/>\n\u2022 Mitarbeit in den Bereichen Marketing, Veranstaltungen, Bildung, Buchhaltung und Fallberatung zur Fachkr\u00e4ftezuwanderung<br \/>\n\u2022 Unterst\u00fctzung bei der Konzeption und Umsetzung von Webinaren, Seminaren und Workshops <\/p>\n<\/div>\n<\/div>\n\n<div class=\"gb-container gb-container-43042baa\">\n\n<h3 class=\"gb-headline gb-headline-ff12d553 gb-headline-text\">Requirements:<\/h3>\n\n\n<div class=\"gb-headline gb-headline-fba23ea1 gb-headline-text\"><p>Akademische Voraussetzungen: <\/p>\n<p>Eingeschriebene:r Student:in eines relevanten Studiengangs (z. B. Politikwissenschaft, Sozialwissenschaften, Kommunikationswissenschaft, Wirtschaftswissenschaften, Eventmanagement, Internationale Beziehungen o. \u00e4.) <\/p>\n<p>Fachliche Kompetenzen: <\/p>\n<p>\u2022 Sicherer Umgang mit PC und Microsoft Office<br \/>\n\u2022 Deutschkenntnisse auf mindestens C1-Niveau<br \/>\n\u2022 Pers\u00f6nliche Eigenschaften:<br \/>\n\u2022 Selbstst\u00e4ndige und zuverl\u00e4ssige Arbeitsweise<br \/>\n\u2022 Kommunikationsst\u00e4rke und soziale Kompetenz<br \/>\n\u2022 Hohe Anpassungsf\u00e4higkeit: Priorit\u00e4ten k\u00f6nnen sich dynamisch \u00e4ndern, schnelle Reaktion und Flexibilit\u00e4t sind essenziell <\/p>\n<p>Von Vorteil: Interesse an Weltoffenheit, Integration und Demokratie sowie erste Berufserfahrung in einem s\u00e4chsischen Unternehmen, Vereinsarbeit oder thematisch verwandtes Ehrenamt. <\/p>\n<\/div>\n<\/div>\n\n<div class=\"gb-container gb-container-7f07ed48\">\n\n<h3 class=\"gb-headline gb-headline-69a4e121 gb-headline-text\">Benefits:<\/h3>\n\n\n<div class=\"gb-headline gb-headline-8c6522c5 gb-headline-text\">\u2022 Flexibles Arbeiten \u2013 10\u201320 Stunden\/Woche, verg\u00fctet \r\n\u2022 Zentrale Lage \u2013 Modernes, sonniges B\u00fcro in der Inneren Neustadt (K\u00f6nigstra\u00dfe 4, Dresden) \r\n\u2022 Netzwerk &#038; Wachstum \u2013 Spannende Kontakte in einem zukunftsorientierten Wirtschaftsverband \r\n\u2022 Verantwortung &#038; Gestaltungsspielraum \u2013 Raum f\u00fcr eigene Ideen in einem kleinen Team \r\n\u2022 Sinnstiftende Projekte \u2013 Mitwirkung an Initiativen f\u00fcr Weltoffenheit, Demokratie und Innovation \r\n\r\nDann melde dich unkompliziert bei uns \u2013 wir freuen uns darauf, dich kennenzulernen und gemeinsam ein weltoffenes, starkes Sachsen zu gestalten! \r\n\r\nWirtschaft f\u00fcr Weltoffenes Sachsen f\u00f6rdert eine Kultur der Vielfalt und Chancengleichheit. Wir begr\u00fc\u00dfen Bewerbungen von allen qualifizierten Personen, unabh\u00e4ngig von Geschlecht, Alter, ethnischer Herkunft, sexueller Orientierung, Behinderung oder religi\u00f6ser Zugeh\u00f6rigkeit. Wir setzen uns aktiv gegen Diskriminierung und f\u00fcr eine respektvolle Zusammenarbeit in einem offenen und integrativen Umfeld ein. \r\n<\/div>\n<\/div>\n\n<div class=\"gb-container gb-container-bd9c3edd\">\n\n<h3 class=\"gb-headline gb-headline-fe26cabe gb-headline-text\">Contact:<\/h3>\n\n\n<div class=\"gb-headline gb-headline-ed089880 gb-headline-text\">Bitte sende deine Bewerbungsunterlagen an: info@welcomesaxony.de<\/div>\n<\/div>\n<\/div>\n<\/div>\n<\/div><\/div>\n<\/div>\n\n<\/div>\n<\/div>\n<\/div>\n<p><\/p>\n","protected":false},"excerpt":{"rendered":"<p>This is us Vacancies<\/p>\n","protected":false},"author":1,"featured_media":0,"parent":0,"menu_order":0,"comment_status":"closed","ping_status":"closed","template":"","meta":{"_acf_changed":false,"footnotes":""},"class_list":{"0":"post-4681","1":"page","2":"type-page","3":"status-publish","5":"no-fixed-startdate"},"acf":[],"yoast_head":"<!-- This site is optimized with the Yoast SEO plugin v26.8 - https:\/\/yoast.com\/product\/yoast-seo-wordpress\/ -->\n<title>Career - Welcome Saxony<\/title>\n<meta name=\"robots\" content=\"index, follow, max-snippet:-1, max-image-preview:large, max-video-preview:-1\" \/>\n<link rel=\"canonical\" href=\"https:\/\/www.welcomesaxony.de\/en\/career\/\" \/>\n<meta property=\"og:locale\" content=\"en_US\" \/>\n<meta property=\"og:type\" content=\"article\" \/>\n<meta property=\"og:title\" content=\"Career - Welcome Saxony\" \/>\n<meta property=\"og:description\" content=\"This is us Vacancies\" \/>\n<meta property=\"og:url\" content=\"https:\/\/www.welcomesaxony.de\/en\/career\/\" \/>\n<meta property=\"og:site_name\" content=\"Welcome Saxony\" \/>\n<meta property=\"article:modified_time\" content=\"2025-09-03T09:11:47+00:00\" \/>\n<meta name=\"twitter:card\" content=\"summary_large_image\" \/>\n<meta name=\"twitter:label1\" content=\"Est. reading time\" \/>\n\t<meta name=\"twitter:data1\" content=\"1 minute\" \/>\n<script type=\"application\/ld+json\" class=\"yoast-schema-graph\">{\"@context\":\"https:\/\/schema.org\",\"@graph\":[{\"@type\":\"WebPage\",\"@id\":\"https:\/\/www.welcomesaxony.de\/en\/career\/\",\"url\":\"https:\/\/www.welcomesaxony.de\/en\/career\/\",\"name\":\"Career - Welcome Saxony\",\"isPartOf\":{\"@id\":\"https:\/\/www.welcomesaxony.de\/en\/#website\"},\"datePublished\":\"2023-11-09T18:04:52+00:00\",\"dateModified\":\"2025-09-03T09:11:47+00:00\",\"breadcrumb\":{\"@id\":\"https:\/\/www.welcomesaxony.de\/en\/career\/#breadcrumb\"},\"inLanguage\":\"en-US\",\"potentialAction\":[{\"@type\":\"ReadAction\",\"target\":[\"https:\/\/www.welcomesaxony.de\/en\/career\/\"]}]},{\"@type\":\"BreadcrumbList\",\"@id\":\"https:\/\/www.welcomesaxony.de\/en\/career\/#breadcrumb\",\"itemListElement\":[{\"@type\":\"ListItem\",\"position\":1,\"name\":\"Startseite\",\"item\":\"https:\/\/www.welcomesaxony.de\/en\/\"},{\"@type\":\"ListItem\",\"position\":2,\"name\":\"Career\"}]},{\"@type\":\"WebSite\",\"@id\":\"https:\/\/www.welcomesaxony.de\/en\/#website\",\"url\":\"https:\/\/www.welcomesaxony.de\/en\/\",\"name\":\"Welcome Saxony\",\"description\":\"\",\"publisher\":{\"@id\":\"https:\/\/www.welcomesaxony.de\/en\/#organization\"},\"potentialAction\":[{\"@type\":\"SearchAction\",\"target\":{\"@type\":\"EntryPoint\",\"urlTemplate\":\"https:\/\/www.welcomesaxony.de\/en\/?s={search_term_string}\"},\"query-input\":{\"@type\":\"PropertyValueSpecification\",\"valueRequired\":true,\"valueName\":\"search_term_string\"}}],\"inLanguage\":\"en-US\"},{\"@type\":\"Organization\",\"@id\":\"https:\/\/www.welcomesaxony.de\/en\/#organization\",\"name\":\"Welcome Saxony\",\"url\":\"https:\/\/www.welcomesaxony.de\/en\/\",\"logo\":{\"@type\":\"ImageObject\",\"inLanguage\":\"en-US\",\"@id\":\"https:\/\/www.welcomesaxony.de\/en\/#\/schema\/logo\/image\/\",\"url\":\"https:\/\/www.welcomesaxony.de\/wp-content\/uploads\/2025\/11\/logo_welcome_farboptimiert-416.png\",\"contentUrl\":\"https:\/\/www.welcomesaxony.de\/wp-content\/uploads\/2025\/11\/logo_welcome_farboptimiert-416.png\",\"width\":416,\"height\":92,\"caption\":\"Welcome Saxony\"},\"image\":{\"@id\":\"https:\/\/www.welcomesaxony.de\/en\/#\/schema\/logo\/image\/\"}}]}<\/script>\n<!-- \/ Yoast SEO plugin. -->","yoast_head_json":{"title":"Career - Welcome Saxony","robots":{"index":"index","follow":"follow","max-snippet":"max-snippet:-1","max-image-preview":"max-image-preview:large","max-video-preview":"max-video-preview:-1"},"canonical":"https:\/\/www.welcomesaxony.de\/en\/career\/","og_locale":"en_US","og_type":"article","og_title":"Career - Welcome Saxony","og_description":"This is us Vacancies","og_url":"https:\/\/www.welcomesaxony.de\/en\/career\/","og_site_name":"Welcome Saxony","article_modified_time":"2025-09-03T09:11:47+00:00","twitter_card":"summary_large_image","twitter_misc":{"Est. reading time":"1 minute"},"schema":{"@context":"https:\/\/schema.org","@graph":[{"@type":"WebPage","@id":"https:\/\/www.welcomesaxony.de\/en\/career\/","url":"https:\/\/www.welcomesaxony.de\/en\/career\/","name":"Career - Welcome Saxony","isPartOf":{"@id":"https:\/\/www.welcomesaxony.de\/en\/#website"},"datePublished":"2023-11-09T18:04:52+00:00","dateModified":"2025-09-03T09:11:47+00:00","breadcrumb":{"@id":"https:\/\/www.welcomesaxony.de\/en\/career\/#breadcrumb"},"inLanguage":"en-US","potentialAction":[{"@type":"ReadAction","target":["https:\/\/www.welcomesaxony.de\/en\/career\/"]}]},{"@type":"BreadcrumbList","@id":"https:\/\/www.welcomesaxony.de\/en\/career\/#breadcrumb","itemListElement":[{"@type":"ListItem","position":1,"name":"Startseite","item":"https:\/\/www.welcomesaxony.de\/en\/"},{"@type":"ListItem","position":2,"name":"Career"}]},{"@type":"WebSite","@id":"https:\/\/www.welcomesaxony.de\/en\/#website","url":"https:\/\/www.welcomesaxony.de\/en\/","name":"Welcome Saxony","description":"","publisher":{"@id":"https:\/\/www.welcomesaxony.de\/en\/#organization"},"potentialAction":[{"@type":"SearchAction","target":{"@type":"EntryPoint","urlTemplate":"https:\/\/www.welcomesaxony.de\/en\/?s={search_term_string}"},"query-input":{"@type":"PropertyValueSpecification","valueRequired":true,"valueName":"search_term_string"}}],"inLanguage":"en-US"},{"@type":"Organization","@id":"https:\/\/www.welcomesaxony.de\/en\/#organization","name":"Welcome Saxony","url":"https:\/\/www.welcomesaxony.de\/en\/","logo":{"@type":"ImageObject","inLanguage":"en-US","@id":"https:\/\/www.welcomesaxony.de\/en\/#\/schema\/logo\/image\/","url":"https:\/\/www.welcomesaxony.de\/wp-content\/uploads\/2025\/11\/logo_welcome_farboptimiert-416.png","contentUrl":"https:\/\/www.welcomesaxony.de\/wp-content\/uploads\/2025\/11\/logo_welcome_farboptimiert-416.png","width":416,"height":92,"caption":"Welcome Saxony"},"image":{"@id":"https:\/\/www.welcomesaxony.de\/en\/#\/schema\/logo\/image\/"}}]}},"_links":{"self":[{"href":"https:\/\/www.welcomesaxony.de\/en\/wp-json\/wp\/v2\/pages\/4681","targetHints":{"allow":["GET"]}}],"collection":[{"href":"https:\/\/www.welcomesaxony.de\/en\/wp-json\/wp\/v2\/pages"}],"about":[{"href":"https:\/\/www.welcomesaxony.de\/en\/wp-json\/wp\/v2\/types\/page"}],"author":[{"embeddable":true,"href":"https:\/\/www.welcomesaxony.de\/en\/wp-json\/wp\/v2\/users\/1"}],"replies":[{"embeddable":true,"href":"https:\/\/www.welcomesaxony.de\/en\/wp-json\/wp\/v2\/comments?post=4681"}],"version-history":[{"count":4,"href":"https:\/\/www.welcomesaxony.de\/en\/wp-json\/wp\/v2\/pages\/4681\/revisions"}],"predecessor-version":[{"id":6002,"href":"https:\/\/www.welcomesaxony.de\/en\/wp-json\/wp\/v2\/pages\/4681\/revisions\/6002"}],"wp:attachment":[{"href":"https:\/\/www.welcomesaxony.de\/en\/wp-json\/wp\/v2\/media?parent=4681"}],"curies":[{"name":"wp","href":"https:\/\/api.w.org\/{rel}","templated":true}]}}